{"id":37,"date":"2023-05-25T13:46:24","date_gmt":"2023-05-25T13:46:24","guid":{"rendered":"https:\/\/drinkmorewater.asia\/?page_id=37"},"modified":"2023-06-15T06:00:04","modified_gmt":"2023-06-15T06:00:04","slug":"who-we-are","status":"publish","type":"page","link":"https:\/\/drinkmorewater.asia\/vi\/who-we-are\/","title":{"rendered":"Ch\u00fang t\u00f4i l\u00e0 ai"},"content":{"rendered":"<div data-elementor-type=\"wp-page\" data-elementor-id=\"37\" class=\"elementor elementor-37\" data-elementor-post-type=\"page\">\n\t\t\t\t<div class=\"elementor-element elementor-element-f5683ff e-flex e-con-boxed e-con e-parent\" data-id=\"f5683ff\" data-element_type=\"container\" data-e-type=\"container\">\n\t\t\t\t\t<div class=\"e-con-inner\">\n\t\t<div class=\"elementor-element elementor-element-6d706ae e-con-full e-flex e-con e-parent\" data-id=\"6d706ae\" data-element_type=\"container\" data-e-type=\"container\">\n\t\t\t\t<div class=\"elementor-element elementor-element-12f2209 elementor-widget__width-initial elementor-widget-mobile__width-initial dce_masking-none elementor-widget elementor-widget-image\" data-id=\"12f2209\" data-element_type=\"widget\" data-e-type=\"widget\" data-widget_type=\"image.default\">\n\t\t\t\t<div class=\"elementor-widget-container\">\n\t\t\t\t\t\t\t\t\t\t\t\t\t\t\t<img fetchpriority=\"high\" decoding=\"async\" width=\"416\" height=\"511\" src=\"https:\/\/drinkmorewater.asia\/wp-content\/uploads\/2023\/06\/drop.svg\" class=\"attachment-full size-full wp-image-821\" alt=\"\" \/>\t\t\t\t\t\t\t\t\t\t\t\t\t\t\t<\/div>\n\t\t\t\t<\/div>\n\t\t\t\t<div class=\"elementor-element elementor-element-62e991f elementor-widget elementor-widget-text-editor\" data-id=\"62e991f\" data-element_type=\"widget\" data-e-type=\"widget\" data-widget_type=\"text-editor.default\">\n\t\t\t\t<div class=\"elementor-widget-container\">\n\t\t\t\t\t\t\t\t\t<p>L\u00e0 h\u00e3ng r\u01b0\u1ee3u m\u1ea1nh th\u01b0\u1ee3ng h\u1ea1ng h\u00e0ng \u0111\u1ea7u th\u1ebf gi\u1edbi, Pernod Ricard nh\u1eadn th\u1ea5y tr\u00e1ch nhi\u1ec7m c\u1ee7a m\u00ecnh l\u00e0 gi\u1ea3m b\u1edbt t\u00e1c h\u1ea1i li\u00ean quan \u0111\u1ebfn r\u01b0\u1ee3u.<\/p>\t\t\t\t\t\t\t\t<\/div>\n\t\t\t\t<\/div>\n\t\t\t\t<\/div>\n\t\t<div class=\"elementor-element elementor-element-3e824e6 e-con-full e-flex e-con e-parent\" data-id=\"3e824e6\" data-element_type=\"container\" data-e-type=\"container\">\n\t\t\t\t<div class=\"elementor-element elementor-element-f094a95 elementor-widget elementor-widget-heading\" data-id=\"f094a95\" data-element_type=\"widget\" data-e-type=\"widget\" data-widget_type=\"heading.default\">\n\t\t\t\t<div class=\"elementor-widget-container\">\n\t\t\t\t\t<h2 class=\"elementor-heading-title elementor-size-default translation-block\"><span class=\"highlight\">Ch\u00fang t\u00f4i  <\/span> l\u00e0 ai<\/h2>\t\t\t\t<\/div>\n\t\t\t\t<\/div>\n\t\t\t\t<\/div>\n\t\t\t\t\t<\/div>\n\t\t\t\t<\/div>\n\t\t<div data-dce-background-image-url=\"https:\/\/drinkmorewater.asia\/wp-content\/uploads\/2023\/05\/Picture1.png\" class=\"elementor-element elementor-element-33336ad e-flex e-con-boxed e-con e-parent\" data-id=\"33336ad\" data-element_type=\"container\" data-e-type=\"container\" data-settings=\"{&quot;background_background&quot;:&quot;classic&quot;}\">\n\t\t\t\t\t<div class=\"e-con-inner\">\n\t\t\t\t\t<\/div>\n\t\t\t\t<\/div>\n\t\t<div class=\"elementor-element elementor-element-e94fc34 e-flex e-con-boxed e-con e-parent\" data-id=\"e94fc34\" data-element_type=\"container\" data-e-type=\"container\">\n\t\t\t\t\t<div class=\"e-con-inner\">\n\t\t\t\t<div class=\"elementor-element elementor-element-377e41e elementor-widget-divider--view-line_icon elementor-widget-divider--element-align-left elementor-widget__width-inherit elementor-view-default elementor-widget elementor-widget-divider\" data-id=\"377e41e\" data-element_type=\"widget\" data-e-type=\"widget\" data-widget_type=\"divider.default\">\n\t\t\t\t<div class=\"elementor-widget-container\">\n\t\t\t\t\t\t\t<div class=\"elementor-divider\">\n\t\t\t<span class=\"elementor-divider-separator\">\n\t\t\t\t\t\t\t<div class=\"elementor-icon elementor-divider__element\">\n\t\t\t\t\t<svg xmlns=\"http:\/\/www.w3.org\/2000\/svg\" width=\"38\" height=\"33\" viewbox=\"0 0 38 33\" fill=\"none\"><path d=\"M18.96 32.84L37.92 0H0L18.96 32.84Z\" fill=\"#41C0F0\"><\/path><\/svg><\/div>\n\t\t\t\t\t\t<\/span>\n\t\t<\/div>\n\t\t\t\t\t\t<\/div>\n\t\t\t\t<\/div>\n\t\t\t\t\t<\/div>\n\t\t\t\t<\/div>\n\t\t<div class=\"elementor-element elementor-element-375f743 e-flex e-con-boxed e-con e-parent\" data-id=\"375f743\" data-element_type=\"container\" data-e-type=\"container\">\n\t\t\t\t\t<div class=\"e-con-inner\">\n\t\t<div class=\"elementor-element elementor-element-05e7065 e-flex e-con-boxed e-con e-parent\" data-id=\"05e7065\" data-element_type=\"container\" data-e-type=\"container\">\n\t\t\t\t\t<div class=\"e-con-inner\">\n\t\t\t\t<div class=\"elementor-element elementor-element-15ef824 elementor-widget elementor-widget-text-editor\" data-id=\"15ef824\" data-element_type=\"widget\" data-e-type=\"widget\" data-widget_type=\"text-editor.default\">\n\t\t\t\t<div class=\"elementor-widget-container\">\n\t\t\t\t\t\t\t\t\t<p>V\u1edbi danh x\u01b0ng \u201cCr\u00e9ateurs de convivialit\u00e9\u201d \u2013 Ng\u01b0\u1eddi s\u00e1ng t\u1ea1o cu\u1ed9c vui, ch\u00fang t\u00f4i tin r\u1eb1ng cu\u1ed9c vui s\u1ebd ch\u1eb3ng c\u00f2n vui n\u1ebfu tr\u1edf n\u00ean qu\u00e1 \u0111\u1ed9. Ch\u00fang t\u00f4i n\u1ed7 l\u1ef1c v\u00ec s\u1ef1 b\u1ec1n v\u1eefng v\u00e0 c\u00f3 tr\u00e1ch nhi\u1ec7m trong m\u1ecdi b\u01b0\u1edbc, t\u1eeb khi r\u01b0\u1ee3u ch\u1ec9 l\u00e0 ng\u0169 c\u1ed1c cho \u0111\u1ebfn khi \u0111\u01b0\u1ee3c r\u00f3t ra ly.<\/p><p>Thay \u0111\u1ed5i th\u1ef1c s\u1ef1 ch\u1ec9 \u0111\u1ea1t \u0111\u01b0\u1ee3c khi c\u00f9ng chung tay. Do \u0111\u00f3, ch\u00fang t\u00f4i h\u1ee3p t\u00e1c v\u1edbi c\u00e1c th\u00e0nh vi\u00ean trong ng\u00e0nh, t\u1ed5 ch\u1ee9c d\u00e2n s\u1ef1, ch\u00ednh ph\u1ee7 v\u00e0 ch\u00ednh quy\u1ec1n \u0111\u1ecba ph\u01b0\u01a1ng c\u0169ng nh\u01b0 c\u00e1c c\u01a1 quan c\u1ee7a Li\u00ean H\u1ee3p Qu\u1ed1c \u0111\u1ec3 ng\u0103n ch\u1eb7n v\u00e0 gi\u1ea3m thi\u1ec3u t\u00ecnh tr\u1ea1ng s\u1eed d\u1ee5ng r\u01b0\u1ee3u bia theo c\u00e1ch c\u00f3 h\u1ea1i.<\/p><p>Chi\u1ebfn d\u1ecbch \"Drink More Water\" \u2013 \u201cT\u0103ng c\u01b0\u1eddng u\u1ed1ng n\u01b0\u1edbc\u201d \u2013 l\u00e0 m\u1ed9t ph\u1ea7n c\u1ee7a cam k\u1ebft l\u00e2u d\u00e0i n\u00e0y nh\u1eb1m t\u00ecm c\u00e1ch gi\u1ea3i quy\u1ebft m\u1ed9t m\u1eb7t c\u1ee7a h\u00e0nh vi u\u1ed1ng r\u01b0\u1ee3u c\u00f3 h\u1ea1i - u\u1ed1ng \u0111\u1ebfn say - v\u00e0 th\u00fac \u0111\u1ea9y vi\u1ec7c u\u1ed1ng r\u01b0\u1ee3u c\u00f3 tr\u00e1ch nhi\u1ec7m \u1edf nh\u1eefng ng\u01b0\u1eddi \u0111\u00e3 l\u1ef1a ch\u1ecdn h\u00e0nh \u0111\u1ed9ng u\u1ed1ng r\u01b0\u1ee3u.<\/p><p>Chi\u1ebfn d\u1ecbch \u201cT\u0103ng c\u01b0\u1eddng u\u1ed1ng n\u01b0\u1edbc\u201d kh\u1edfi \u0111\u1ed9ng v\u00e0o n\u0103m 2021 \u1edf ch\u00e2u \u00c2u, ch\u00e2u Phi v\u00e0 ch\u00e2u M\u1ef9 Latinh, v\u00e0 k\u1ec3 t\u1eeb \u0111\u00f3 \u0111\u00e3 ti\u1ebfp c\u1eadn th\u00e0nh c\u00f4ng h\u01a1n 110 tri\u1ec7u ng\u01b0\u1eddi \u1edf 3 ch\u00e2u l\u1ee5c. Pernod Ricard hi\u1ec7n \u0111ang m\u1edf r\u1ed9ng chi\u1ebfn d\u1ecbch n\u00e0y \u1edf Ch\u00e2u \u00c1. N\u0103m 2023, chi\u1ebfn d\u1ecbch \u201cT\u0103ng c\u01b0\u1eddng u\u1ed1ng n\u01b0\u1edbc\u201d s\u1ebd \u0111\u01b0\u1ee3c ra m\u1eaft \u1edf 14 th\u1ecb tr\u01b0\u1eddng thu\u1ed9c khu v\u1ef1c ch\u00e2u \u00c1.<\/p><p class=\"translation-block\">\u0110\u1ec3 bi\u1ebft th\u00eam th\u00f4ng tin, vui l\u00f2ng truy c\u1eadp <a href=\"https:\/\/www.pernod-ricard.com\/en\/sustainability-responsibility\/responsible-hosting\" target=\"_blank\" rel=\"noopener\">trang web Pernod Ricard<\/a><\/p>\t\t\t\t\t\t\t\t<\/div>\n\t\t\t\t<\/div>\n\t\t\t\t\t<\/div>\n\t\t\t\t<\/div>\n\t\t\t\t\t<\/div>\n\t\t\t\t<\/div>\n\t\t<div class=\"elementor-element elementor-element-e8bb813 e-flex e-con-boxed e-con e-parent\" data-id=\"e8bb813\" data-element_type=\"container\" data-e-type=\"container\">\n\t\t\t\t\t<div class=\"e-con-inner\">\n\t\t\t\t\t<\/div>\n\t\t\t\t<\/div>\n\t\t\t\t<\/div>","protected":false},"excerpt":{"rendered":"<p>As the world\u2019s leading premium spirits company, Pernod Ricard recognizes its responsibility to reduce alcohol-related harm. WhoWe Are Being \u201cCr\u00e9ateurs de convivialit\u00e9\u201d, we believe that there can be no convivialit\u00e9 with excess. We strive to be sustainable and responsible at every step, from grain to glass. As real change can only be achieved in unison [&hellip;]<\/p>\n","protected":false},"author":1,"featured_media":0,"parent":0,"menu_order":0,"comment_status":"closed","ping_status":"closed","template":"","meta":{"footnotes":""},"class_list":["post-37","page","type-page","status-publish","hentry"],"_links":{"self":[{"href":"https:\/\/drinkmorewater.asia\/vi\/wp-json\/wp\/v2\/pages\/37","targetHints":{"allow":["GET"]}}],"collection":[{"href":"https:\/\/drinkmorewater.asia\/vi\/wp-json\/wp\/v2\/pages"}],"about":[{"href":"https:\/\/drinkmorewater.asia\/vi\/wp-json\/wp\/v2\/types\/page"}],"author":[{"embeddable":true,"href":"https:\/\/drinkmorewater.asia\/vi\/wp-json\/wp\/v2\/users\/1"}],"replies":[{"embeddable":true,"href":"https:\/\/drinkmorewater.asia\/vi\/wp-json\/wp\/v2\/comments?post=37"}],"version-history":[{"count":128,"href":"https:\/\/drinkmorewater.asia\/vi\/wp-json\/wp\/v2\/pages\/37\/revisions"}],"predecessor-version":[{"id":1493,"href":"https:\/\/drinkmorewater.asia\/vi\/wp-json\/wp\/v2\/pages\/37\/revisions\/1493"}],"wp:attachment":[{"href":"https:\/\/drinkmorewater.asia\/vi\/wp-json\/wp\/v2\/media?parent=37"}],"curies":[{"name":"wp","href":"https:\/\/api.w.org\/{rel}","templated":true}]}}