{"id":11,"date":"2023-05-25T07:10:16","date_gmt":"2023-05-25T07:10:16","guid":{"rendered":"https:\/\/drinkmorewater.asia\/?page_id=11"},"modified":"2023-06-15T05:59:27","modified_gmt":"2023-06-15T05:59:27","slug":"the-concept","status":"publish","type":"page","link":"https:\/\/drinkmorewater.asia\/vi\/khai-niem\/","title":{"rendered":"\u00dd t\u01b0\u1edfng"},"content":{"rendered":"<div data-elementor-type=\"wp-page\" data-elementor-id=\"11\" class=\"elementor elementor-11\" data-elementor-post-type=\"page\">\n\t\t\t\t<div class=\"elementor-element elementor-element-2cabc4a e-flex e-con-boxed e-con e-parent\" data-id=\"2cabc4a\" data-element_type=\"container\" data-e-type=\"container\">\n\t\t\t\t\t<div class=\"e-con-inner\">\n\t\t<div class=\"elementor-element elementor-element-ec1aef6 e-con-full e-flex e-con e-parent\" data-id=\"ec1aef6\" data-element_type=\"container\" data-e-type=\"container\">\n\t\t\t\t<div class=\"elementor-element elementor-element-f3252e7 elementor-widget__width-initial elementor-widget-mobile__width-initial dce_masking-none elementor-widget elementor-widget-image\" data-id=\"f3252e7\" data-element_type=\"widget\" data-e-type=\"widget\" data-widget_type=\"image.default\">\n\t\t\t\t<div class=\"elementor-widget-container\">\n\t\t\t\t\t\t\t\t\t\t\t\t\t\t\t<img fetchpriority=\"high\" decoding=\"async\" width=\"416\" height=\"511\" src=\"https:\/\/drinkmorewater.asia\/wp-content\/uploads\/2023\/06\/drop.svg\" class=\"attachment-full size-full wp-image-821\" alt=\"\" \/>\t\t\t\t\t\t\t\t\t\t\t\t\t\t\t<\/div>\n\t\t\t\t<\/div>\n\t\t\t\t<div class=\"elementor-element elementor-element-16c5715 elementor-widget elementor-widget-text-editor\" data-id=\"16c5715\" data-element_type=\"widget\" data-e-type=\"widget\" data-widget_type=\"text-editor.default\">\n\t\t\t\t<div class=\"elementor-widget-container\">\n\t\t\t\t\t\t\t\t\t<p>\u201c<span class=\"highlight\">T\u0103ng c\u01b0\u1eddng u\u1ed1ng n\u01b0\u1edbc (Drink More Water)<\/span>\u201d l\u00e0 m\u1ed9t chi\u1ebfn d\u1ecbch chia s\u1ebb ki\u1ebfn th\u1ee9c v\u1ec1 c\u1ed3n ki\u1ec3u m\u1edbi. M\u1ee5c \u0111\u00edch l\u00e0 th\u00fac \u0111\u1ea9y vi\u1ec7c u\u1ed1ng r\u01b0\u1ee3u c\u00f3 tr\u00e1ch nhi\u1ec7m v\u00e0 \u0111\u1ea5u tranh v\u1edbi h\u00e0nh vi u\u1ed1ng \u0111\u1ebfn say \u1edf ng\u01b0\u1eddi l\u1edbn.<\/p>\t\t\t\t\t\t\t\t<\/div>\n\t\t\t\t<\/div>\n\t\t\t\t<\/div>\n\t\t<div class=\"elementor-element elementor-element-bca2437 e-con-full e-flex e-con e-parent\" data-id=\"bca2437\" data-element_type=\"container\" data-e-type=\"container\">\n\t\t\t\t<div class=\"elementor-element elementor-element-b81714c elementor-widget elementor-widget-heading\" data-id=\"b81714c\" data-element_type=\"widget\" data-e-type=\"widget\" data-widget_type=\"heading.default\">\n\t\t\t\t<div class=\"elementor-widget-container\">\n\t\t\t\t\t<h2 class=\"elementor-heading-title elementor-size-default translation-block\">\u00dd t\u01b0\u1edfng<\/h2>\t\t\t\t<\/div>\n\t\t\t\t<\/div>\n\t\t\t\t<\/div>\n\t\t\t\t\t<\/div>\n\t\t\t\t<\/div>\n\t\t<div class=\"elementor-element elementor-element-cb44c2e e-flex e-con-boxed e-con e-parent\" data-id=\"cb44c2e\" data-element_type=\"container\" data-e-type=\"container\">\n\t\t\t\t\t<div class=\"e-con-inner\">\n\t\t\t\t<div class=\"elementor-element elementor-element-5c8f898 elementor-widget-divider--view-line_icon elementor-widget-divider--element-align-left elementor-widget__width-inherit elementor-view-default elementor-widget elementor-widget-divider\" data-id=\"5c8f898\" data-element_type=\"widget\" data-e-type=\"widget\" data-widget_type=\"divider.default\">\n\t\t\t\t<div class=\"elementor-widget-container\">\n\t\t\t\t\t\t\t<div class=\"elementor-divider\">\n\t\t\t<span class=\"elementor-divider-separator\">\n\t\t\t\t\t\t\t<div class=\"elementor-icon elementor-divider__element\">\n\t\t\t\t\t<svg xmlns=\"http:\/\/www.w3.org\/2000\/svg\" width=\"38\" height=\"33\" viewbox=\"0 0 38 33\" fill=\"none\"><path d=\"M18.96 32.84L37.92 0H0L18.96 32.84Z\" fill=\"#41C0F0\"><\/path><\/svg><\/div>\n\t\t\t\t\t\t<\/span>\n\t\t<\/div>\n\t\t\t\t\t\t<\/div>\n\t\t\t\t<\/div>\n\t\t\t\t\t<\/div>\n\t\t\t\t<\/div>\n\t\t<div class=\"elementor-element elementor-element-343b7ed e-flex e-con-boxed e-con e-parent\" data-id=\"343b7ed\" data-element_type=\"container\" data-e-type=\"container\">\n\t\t\t\t\t<div class=\"e-con-inner\">\n\t\t<div class=\"elementor-element elementor-element-64f1e3a e-flex e-con-boxed e-con e-parent\" data-id=\"64f1e3a\" data-element_type=\"container\" data-e-type=\"container\">\n\t\t\t\t\t<div class=\"e-con-inner\">\n\t\t\t\t<div class=\"elementor-element elementor-element-4c52a55 elementor-widget elementor-widget-text-editor\" data-id=\"4c52a55\" data-element_type=\"widget\" data-e-type=\"widget\" data-widget_type=\"text-editor.default\">\n\t\t\t\t<div class=\"elementor-widget-container\">\n\t\t\t\t\t\t\t\t\t<p>T\u00e1c \u0111\u1ed9ng \u0111\u1ec3 thay \u0111\u1ed5i quan \u0111i\u1ec3m v\u1ec1 \u00fd ngh\u0129a c\u1ee7a vi\u1ec7c th\u01b0\u1edfng th\u1ee9c r\u01b0\u1ee3u c\u00f3 tr\u00e1ch nhi\u1ec7m \u1edf ch\u00e2u \u00c1, chi\u1ebfn d\u1ecbch \"<span class=\"highlight\">T\u0103ng c\u01b0\u1eddng u\u1ed1ng n\u01b0\u1edbc (Drink More Water)<\/span>\": nh\u1eafm \u0111\u1ebfn m\u1ee5c ti\u00eau k\u1ebft n\u1ed1i v\u1edbi nh\u1eefng ng\u01b0\u1eddi ti\u00eau d\u00f9ng t\u1eeb \u0110\u1ed9 tu\u1ed5i u\u1ed1ng r\u01b0\u1ee3u h\u1ee3p ph\u00e1p (LDA) \u0111\u1ebfn 35\/55 tu\u1ed5i, c\u0169ng nh\u01b0 nh\u1ea5n m\u1ea1nh t\u1ea7m quan tr\u1ecdng c\u1ee7a vi\u1ec7c t\u1ef1 ch\u1ee7 nh\u1ecbp \u0111\u1ed9 v\u00e0 \u0111\u01b0a ra nh\u1eefng l\u1ef1a ch\u1ecdn \u0111\u00fang \u0111\u1eafn \u0111\u1ec3 c\u00f3 m\u1ed9t \u0111\u00eam ti\u1ec7c th\u1ef1c s\u1ef1 vui v\u1ebb, \u0111\u00e1ng nh\u1edb.<\/p><p>N\u01b0\u1edbc gi\u00fap gi\u1eef cho c\u01a1 th\u1ec3 b\u1ea1n c\u00f3 \u0111\u1ee7 n\u01b0\u1edbc v\u00e0 g\u00f3p ph\u1ea7n b\u1ea3o v\u1ec7 n\u00e3o b\u1ed9. U\u1ed1ng n\u01b0\u1edbc trong khi u\u1ed1ng r\u01b0\u1ee3u s\u1ebd kh\u00f4ng \u0111\u1ea9y nhanh qu\u00e1 tr\u00ecnh x\u1eed l\u00fd ch\u1ea5t c\u1ed3n, m\u00e0 c\u01a1 th\u1ec3 c\u1ea7n n\u01b0\u1edbc \u0111\u1ec3 ph\u00e2n gi\u1ea3i ch\u1ea5t c\u1ed3n v\u00e0 \u0111\u00e0o th\u1ea3i ch\u1ea5t c\u1ed3n theo n\u01b0\u1edbc ti\u1ec3u. \u0110\u00f3 l\u00e0 l\u00fd do b\u1ea1n n\u00ean u\u1ed1ng th\u1eadt nhi\u1ec1u n\u01b0\u1edbc trong l\u00fac u\u1ed1ng r\u01b0\u1ee3u \u0111\u1ec3 tr\u00e1nh b\u1ecb m\u1ea5t n\u01b0\u1edbc. Duy tr\u00ec l\u01b0\u1ee3ng n\u01b0\u1edbc t\u1ed1t l\u00e0 g\u00f3p ph\u1ea7n gi\u00fap c\u01a1 th\u1ec3 x\u1eed l\u00fd l\u01b0\u1ee3ng c\u1ed3n n\u1ea1p v\u00e0o.<\/p><p>Chi\u1ebfn d\u1ecbch \"<span class=\"highlight\">T\u0103ng c\u01b0\u1eddng u\u1ed1ng n\u01b0\u1edbc (Drink More Water)<\/span>\" s\u1ebd \u0111\u01b0\u1ee3c khu\u1ebfch tr\u01b0\u01a1ng qua c\u00e1c ph\u01b0\u01a1ng ti\u1ec7n k\u1ef9 thu\u1eadt s\u1ed1 v\u00e0 ho\u1ea1t \u0111\u1ed9ng gi\u1edbi thi\u1ec7u th\u01b0\u01a1ng hi\u1ec7u th\u00f4ng qua \u0111\u1ed1i t\u00e1c.<\/p>\t\t\t\t\t\t\t\t<\/div>\n\t\t\t\t<\/div>\n\t\t\t\t\t<\/div>\n\t\t\t\t<\/div>\n\t\t\t\t\t<\/div>\n\t\t\t\t<\/div>\n\t\t<div data-dce-background-image-url=\"https:\/\/drinkmorewater.asia\/wp-content\/uploads\/2023\/06\/lift_KV_16x9_full-min-scaled.jpeg\" class=\"elementor-element elementor-element-a527c75 e-flex e-con-boxed e-con e-parent\" data-id=\"a527c75\" data-element_type=\"container\" data-e-type=\"container\" data-settings=\"{&quot;background_background&quot;:&quot;classic&quot;}\">\n\t\t\t\t\t<div class=\"e-con-inner\">\n\t\t\t\t\t<\/div>\n\t\t\t\t<\/div>\n\t\t<div class=\"elementor-element elementor-element-c1241fd e-con-full e-flex e-con e-parent\" data-id=\"c1241fd\" data-element_type=\"container\" data-e-type=\"container\">\n\t\t<div class=\"elementor-element elementor-element-735080c e-con-full e-flex elementor-invisible e-con e-parent\" data-id=\"735080c\" data-element_type=\"container\" data-e-type=\"container\" data-settings=\"{&quot;background_background&quot;:&quot;classic&quot;,&quot;animation&quot;:&quot;slideInRight&quot;}\">\n\t\t\t\t<div class=\"elementor-element elementor-element-2110586 elementor-widget elementor-widget-heading\" data-id=\"2110586\" data-element_type=\"widget\" data-e-type=\"widget\" data-widget_type=\"heading.default\">\n\t\t\t\t<div class=\"elementor-widget-container\">\n\t\t\t\t\t<h2 class=\"elementor-heading-title elementor-size-default translation-block\">If you choose to drink alcohol,\r\nour goal with <span class=\"highlight\">\u2018Drink More Water\u2019<\/span> is simple!<\/h2>\t\t\t\t<\/div>\n\t\t\t\t<\/div>\n\t\t\t\t<\/div>\n\t\t\t\t<\/div>\n\t\t<div class=\"elementor-element elementor-element-13a8129 e-flex e-con-boxed e-con e-parent\" data-id=\"13a8129\" data-element_type=\"container\" data-e-type=\"container\">\n\t\t\t\t\t<div class=\"e-con-inner\">\n\t\t<div class=\"elementor-element elementor-element-ac65995 e-con-full e-flex e-con e-parent\" data-id=\"ac65995\" data-element_type=\"container\" data-e-type=\"container\">\n\t\t\t\t<div data-dce-advanced-background-image-url=\"https:\/\/drinkmorewater.asia\/wp-content\/uploads\/2023\/06\/drop.svg\" class=\"elementor-element elementor-element-e48f7db elementor-widget elementor-widget-heading\" data-id=\"e48f7db\" data-element_type=\"widget\" data-e-type=\"widget\" data-widget_type=\"heading.default\">\n\t\t\t\t<div class=\"elementor-widget-container\">\n\t\t\t\t\t<h2 class=\"elementor-heading-title elementor-size-default\">1<\/h2>\t\t\t\t<\/div>\n\t\t\t\t<\/div>\n\t\t\t\t<div class=\"elementor-element elementor-element-b50d214 elementor-widget elementor-widget-text-editor\" data-id=\"b50d214\" data-element_type=\"widget\" data-e-type=\"widget\" data-widget_type=\"text-editor.default\">\n\t\t\t\t<div class=\"elementor-widget-container\">\n\t\t\t\t\t\t\t\t\t<p class=\"translation-block\">Ch\u00fang t\u00f4i s\u1ebd gi\u00fap b\u1ea1n <strong>t\u1eadn h\u01b0\u1edfng cu\u1ed9c s\u1ed1ng <\/strong>m\u1ed9t c\u00e1ch tr\u1ecdn v\u1eb9n nh\u1ea5t m\u00e0 kh\u00f4ng ph\u1ea3i u\u1ed1ng \u0111\u1ebfn say hay \u0111\u1ebfn h\u1ebft kh\u1ea3 n\u0103ng ch\u1ecbu \u0111\u1ef1ng.<\/p>\t\t\t\t\t\t\t\t<\/div>\n\t\t\t\t<\/div>\n\t\t\t\t<\/div>\n\t\t<div class=\"elementor-element elementor-element-ad23ff3 e-con-full e-flex e-con e-parent\" data-id=\"ad23ff3\" data-element_type=\"container\" data-e-type=\"container\">\n\t\t\t\t<div data-dce-advanced-background-image-url=\"https:\/\/drinkmorewater.asia\/wp-content\/uploads\/2023\/06\/drop.svg\" class=\"elementor-element elementor-element-6870207 elementor-widget elementor-widget-heading\" data-id=\"6870207\" data-element_type=\"widget\" data-e-type=\"widget\" data-widget_type=\"heading.default\">\n\t\t\t\t<div class=\"elementor-widget-container\">\n\t\t\t\t\t<h2 class=\"elementor-heading-title elementor-size-default\">2<\/h2>\t\t\t\t<\/div>\n\t\t\t\t<\/div>\n\t\t\t\t<div class=\"elementor-element elementor-element-f037051 elementor-widget elementor-widget-text-editor\" data-id=\"f037051\" data-element_type=\"widget\" data-e-type=\"widget\" data-widget_type=\"text-editor.default\">\n\t\t\t\t<div class=\"elementor-widget-container\">\n\t\t\t\t\t\t\t\t\t<p class=\"translation-block\">Ch\u00fang t\u00f4i tin r\u1eb1ng m\u00ecnh c\u00f3 th\u1ec3 t\u1ea1o n\u00ean s\u1ef1 kh\u00e1c bi\u1ec7t v\u00e0 mang \u0111\u1ebfn m\u1ed9t m\u00f4i tr\u01b0\u1eddng t\u1ed1t \u0111\u1eb9p h\u01a1n \u0111\u1ec3 ai c\u0169ng c\u00f3 th\u1ec3 t\u1eadn h\u01b0\u1edfng, b\u1eb1ng m\u1ed9t th\u00f4ng \u0111i\u1ec7p \u0111\u01a1n gi\u1ea3n v\u00e0 hi\u1ec7u qu\u1ea3 duy nh\u1ea5t: <strong>T\u0103ng c\u01b0\u1eddng u\u1ed1ng n\u01b0\u1edbc.<\/strong><\/p>\t\t\t\t\t\t\t\t<\/div>\n\t\t\t\t<\/div>\n\t\t\t\t<\/div>\n\t\t<div class=\"elementor-element elementor-element-6c3d811 e-con-full e-flex e-con e-parent\" data-id=\"6c3d811\" data-element_type=\"container\" data-e-type=\"container\">\n\t\t\t\t<div data-dce-advanced-background-image-url=\"https:\/\/drinkmorewater.asia\/wp-content\/uploads\/2023\/06\/drop.svg\" class=\"elementor-element elementor-element-7b385df elementor-widget elementor-widget-heading\" data-id=\"7b385df\" data-element_type=\"widget\" data-e-type=\"widget\" data-widget_type=\"heading.default\">\n\t\t\t\t<div class=\"elementor-widget-container\">\n\t\t\t\t\t<h2 class=\"elementor-heading-title elementor-size-default\">3<\/h2>\t\t\t\t<\/div>\n\t\t\t\t<\/div>\n\t\t\t\t<div class=\"elementor-element elementor-element-d34e260 elementor-widget elementor-widget-text-editor\" data-id=\"d34e260\" data-element_type=\"widget\" data-e-type=\"widget\" data-widget_type=\"text-editor.default\">\n\t\t\t\t<div class=\"elementor-widget-container\">\n\t\t\t\t\t\t\t\t\t<p class=\"translation-block\">Ch\u00fang t\u00f4i mu\u1ed1n t\u1ea1o \u0111i\u1ec1u ki\u1ec7n \u0111\u1ec3 b\u1ea1n ch\u1ee7 \u0111\u1ed9ng <strong>l\u1ef1a ch\u1ecdn c\u00f3 tr\u00e1ch nhi\u1ec7m <\/strong>: n\u00ean hay kh\u00f4ng n\u00ean u\u1ed1ng, u\u1ed1ng khi n\u00e0o v\u00e0 u\u1ed1ng bao nhi\u00eau<\/p>\t\t\t\t\t\t\t\t<\/div>\n\t\t\t\t<\/div>\n\t\t\t\t<\/div>\n\t\t\t\t\t<\/div>\n\t\t\t\t<\/div>\n\t\t\t\t<\/div>","protected":false},"excerpt":{"rendered":"<p>Drink More Water is an innovative alcohol education campaign. It aims to promote responsible drinking and to combat binge drinking among adults. TheConcept By shifting perspectives on what it means to responsibly enjoy alcohol in Asia, the \u2018Drink More Water\u2019 campaign aims to connect with consumers above Legal Drinking Age (LDA) up to 35\/55 years [&hellip;]<\/p>\n","protected":false},"author":1,"featured_media":0,"parent":0,"menu_order":0,"comment_status":"closed","ping_status":"closed","template":"","meta":{"footnotes":""},"class_list":["post-11","page","type-page","status-publish","hentry"],"_links":{"self":[{"href":"https:\/\/drinkmorewater.asia\/vi\/wp-json\/wp\/v2\/pages\/11","targetHints":{"allow":["GET"]}}],"collection":[{"href":"https:\/\/drinkmorewater.asia\/vi\/wp-json\/wp\/v2\/pages"}],"about":[{"href":"https:\/\/drinkmorewater.asia\/vi\/wp-json\/wp\/v2\/types\/page"}],"author":[{"embeddable":true,"href":"https:\/\/drinkmorewater.asia\/vi\/wp-json\/wp\/v2\/users\/1"}],"replies":[{"embeddable":true,"href":"https:\/\/drinkmorewater.asia\/vi\/wp-json\/wp\/v2\/comments?post=11"}],"version-history":[{"count":265,"href":"https:\/\/drinkmorewater.asia\/vi\/wp-json\/wp\/v2\/pages\/11\/revisions"}],"predecessor-version":[{"id":1490,"href":"https:\/\/drinkmorewater.asia\/vi\/wp-json\/wp\/v2\/pages\/11\/revisions\/1490"}],"wp:attachment":[{"href":"https:\/\/drinkmorewater.asia\/vi\/wp-json\/wp\/v2\/media?parent=11"}],"curies":[{"name":"wp","href":"https:\/\/api.w.org\/{rel}","templated":true}]}}